{"id":197,"date":"2023-09-12T18:36:17","date_gmt":"2023-09-12T18:36:17","guid":{"rendered":"https:\/\/erpoll.pl\/?page_id=197"},"modified":"2023-09-13T16:55:11","modified_gmt":"2023-09-13T16:55:11","slug":"about","status":"publish","type":"page","link":"https:\/\/erpoll.pl\/index.php\/main-page-pl\/about\/","title":{"rendered":"O nas"},"content":{"rendered":"\n<div class=\"wp-block-columns is-layout-flex wp-container-core-columns-is-layout-9d6595d7 wp-block-columns-is-layout-flex\">\n<div class=\"wp-block-column is-layout-flow wp-block-column-is-layout-flow\"><div class=\"wp-block-image\">\n<figure class=\"aligncenter size-full is-resized\"><a href=\"https:\/\/erpoll.pl\/\"><img loading=\"lazy\" decoding=\"async\" src=\"https:\/\/erpoll.pl\/wp-content\/uploads\/2023\/09\/cropped-cropped-logo.jpeg\" alt=\"erpoll\" class=\"wp-image-24\" style=\"width:536px;height:309px\" width=\"536\" height=\"309\" srcset=\"https:\/\/erpoll.pl\/wp-content\/uploads\/2023\/09\/cropped-cropped-logo.jpeg 390w, https:\/\/erpoll.pl\/wp-content\/uploads\/2023\/09\/cropped-cropped-logo-300x173.jpeg 300w\" sizes=\"auto, (max-width: 536px) 100vw, 536px\" \/><\/a><\/figure>\n<\/div><\/div>\n\n\n\n<div class=\"wp-block-column is-layout-flow wp-block-column-is-layout-flow\">\n<h2 class=\"wp-block-heading\">ERPOLL<\/h2>\n\n\n\n<p><\/p>\n\n\n\n<p>ERPOLL jest firm\u0105 rodzinn\u0105, kt\u00f3ra powsta\u0142a w 2018 roku<br>z zamiarem \u015bwiadczenia jak najlepiej wykonywanych us\u0142ug<br>w bran\u017cy specjalizuj\u0105cej si\u0119 w obr\u00f3bce metali.<br>Od pocz\u0105tku istnienia naszej firmy d\u0105\u017cymy do powi\u0119kszenia<br>parku maszynowego oraz pozyskiwania nowych klient\u00f3w<br>\u2013 zar\u00f3wno firm jak i klient\u00f3w indywidualnych. Cechuje Nas wysoki poziom \u015bwiadczonych us\u0142ug. <\/p>\n\n\n\n<p>Zapraszamy do zapoznania si\u0119 z nasz\u0105<strong><mark style=\"background-color:rgba(0, 0, 0, 0);color:#d5dd52\" class=\"has-inline-color\"> <a href=\"https:\/\/erpoll.pl\/index.php\/offer\/\" data-type=\"page\" data-id=\"2\">ofert\u0105<\/a><\/mark><\/strong>.<\/p>\n\n\n\n<p><\/p>\n<\/div>\n<\/div>\n","protected":false},"excerpt":{"rendered":"<p>ERPOLL ERPOLL jest firm\u0105 rodzinn\u0105, kt\u00f3ra powsta\u0142a w 2018 rokuz zamiarem \u015bwiadczenia jak najlepiej wykonywanych us\u0142ugw bran\u017cy specjalizuj\u0105cej si\u0119 w obr\u00f3bce metali.Od pocz\u0105tku istnienia naszej firmy d\u0105\u017cymy do powi\u0119kszeniaparku maszynowego oraz pozyskiwania nowych klient\u00f3w\u2013 zar\u00f3wno firm jak i klient\u00f3w indywidualnych. Cechuje Nas wysoki poziom \u015bwiadczonych us\u0142ug. Zapraszamy do zapoznania si\u0119 z nasz\u0105 ofert\u0105.<\/p>\n","protected":false},"author":1,"featured_media":0,"parent":14,"menu_order":0,"comment_status":"closed","ping_status":"closed","template":"","meta":{"_kad_post_transparent":"","_kad_post_title":"","_kad_post_layout":"","_kad_post_sidebar_id":"","_kad_post_content_style":"","_kad_post_vertical_padding":"","_kad_post_feature":"","_kad_post_feature_position":"","_kad_post_header":false,"_kad_post_footer":false,"footnotes":""},"class_list":["post-197","page","type-page","status-publish","hentry"],"_links":{"self":[{"href":"https:\/\/erpoll.pl\/index.php\/wp-json\/wp\/v2\/pages\/197","targetHints":{"allow":["GET"]}}],"collection":[{"href":"https:\/\/erpoll.pl\/index.php\/wp-json\/wp\/v2\/pages"}],"about":[{"href":"https:\/\/erpoll.pl\/index.php\/wp-json\/wp\/v2\/types\/page"}],"author":[{"embeddable":true,"href":"https:\/\/erpoll.pl\/index.php\/wp-json\/wp\/v2\/users\/1"}],"replies":[{"embeddable":true,"href":"https:\/\/erpoll.pl\/index.php\/wp-json\/wp\/v2\/comments?post=197"}],"version-history":[{"count":13,"href":"https:\/\/erpoll.pl\/index.php\/wp-json\/wp\/v2\/pages\/197\/revisions"}],"predecessor-version":[{"id":241,"href":"https:\/\/erpoll.pl\/index.php\/wp-json\/wp\/v2\/pages\/197\/revisions\/241"}],"up":[{"embeddable":true,"href":"https:\/\/erpoll.pl\/index.php\/wp-json\/wp\/v2\/pages\/14"}],"wp:attachment":[{"href":"https:\/\/erpoll.pl\/index.php\/wp-json\/wp\/v2\/media?parent=197"}],"curies":[{"name":"wp","href":"https:\/\/api.w.org\/{rel}","templated":true}]}}