{"id":2,"date":"2023-09-08T10:01:34","date_gmt":"2023-09-08T10:01:34","guid":{"rendered":"http:\/\/erpoll.pl\/?page_id=2"},"modified":"2023-11-09T11:19:27","modified_gmt":"2023-11-09T11:19:27","slug":"offer","status":"publish","type":"page","link":"https:\/\/erpoll.pl\/index.php\/main-page-pl\/offer\/","title":{"rendered":"Oferta"},"content":{"rendered":"\n<div class=\"wp-block-columns is-layout-flex wp-container-core-columns-is-layout-9d6595d7 wp-block-columns-is-layout-flex\">\n<div class=\"wp-block-column is-layout-flow wp-block-column-is-layout-flow\">\n<p>Posiadamy wieloletnie do\u015bwiadczenie w obr\u00f3bce skrawaniem. Realizowali\u015bmy projekty dla firm zajmuj\u0105cych si\u0119&nbsp; automotive, produkcj\u0105 maszyn rolniczych, linii galwanicznych oraz maszyn w dziedzinie spo\u017cywczej.<\/p>\n\n\n\n<p><strong>Wykonujemy us\u0142ugi specjalistyczne obejmuj\u0105ce:<\/strong><\/p>\n\n\n\n<ul class=\"wp-block-list\">\n<li><strong>Toczenie CNC<\/strong>&nbsp; (ka\u017cdego rodzaju materia\u0142u poczynaj\u0105c od stali czarnej kwasoodpornej a ko\u0144cz\u0105c na &nbsp;tworzywach sztucznych)<\/li>\n\n\n\n<li><strong>Frezowanie CNC &nbsp;<\/strong><\/li>\n\n\n\n<li><strong>Spawanie metoda MIG MAG oraz TIG <\/strong>(konstrukcji stalowych, podest\u00f3w, w\u00f3zk\u00f3w jezdnych, sto\u0142\u00f3w typu loft itp.)<\/li>\n\n\n\n<li><strong>Wiercenie<\/strong><\/li>\n\n\n\n<li><strong>Gwintowanie<\/strong><\/li>\n\n\n\n<li><strong>Ci\u0119cie pi\u0142a ta\u015bmow\u0105<\/strong><\/li>\n<\/ul>\n\n\n\n<p>Wsp\u00f3\u0142pracujemy z firmami zajmuj\u0105cymi si\u0119\u00a0 malowaniem proszkowym i piaskowaniem, poniewa\u017c chcemy zapewni\u0107 naszemu klientowi jak najwi\u0119ksza palet\u0119 us\u0142ug i mo\u017cliwo\u015b\u0107 otrzymania \u00a0gotowego produktu.<\/p>\n\n\n\n<p>W celu przejrzenia naszych realizacji zapraszamy do <a href=\"https:\/\/erpoll.pl\/index.php\/main-page-pl\/gallery\/\" data-type=\"page\" data-id=\"98\">galerii<\/a>.<\/p>\n<\/div>\n<\/div>\n\n\n\n<div class=\"wp-block-columns is-layout-flex wp-container-core-columns-is-layout-9d6595d7 wp-block-columns-is-layout-flex\">\n<div class=\"wp-block-column is-layout-flow wp-block-column-is-layout-flow\">\n<h2 class=\"wp-block-heading\">Frezowanie CNC<\/h2>\n\n\n\n<p>Frezowanie na bardzo wysokim poziomie.<\/p>\n<\/div>\n\n\n\n<div class=\"wp-block-column is-layout-flow wp-block-column-is-layout-flow\">\n<figure class=\"wp-block-image size-large is-resized\" id=\"milling\"><img loading=\"lazy\" decoding=\"async\" width=\"461\" height=\"1024\" src=\"https:\/\/erpoll.pl\/wp-content\/uploads\/2023\/09\/1642007631001-461x1024.jpg\" alt=\"\" class=\"wp-image-81\" style=\"object-fit:contain;width:600px;height:600px\" srcset=\"https:\/\/erpoll.pl\/wp-content\/uploads\/2023\/09\/1642007631001-461x1024.jpg 461w, https:\/\/erpoll.pl\/wp-content\/uploads\/2023\/09\/1642007631001-135x300.jpg 135w, https:\/\/erpoll.pl\/wp-content\/uploads\/2023\/09\/1642007631001-768x1707.jpg 768w, https:\/\/erpoll.pl\/wp-content\/uploads\/2023\/09\/1642007631001-691x1536.jpg 691w, https:\/\/erpoll.pl\/wp-content\/uploads\/2023\/09\/1642007631001-921x2048.jpg 921w, https:\/\/erpoll.pl\/wp-content\/uploads\/2023\/09\/1642007631001-scaled.jpg 1152w\" sizes=\"auto, (max-width: 461px) 100vw, 461px\" \/><\/figure>\n<\/div>\n<\/div>\n\n\n\n<div class=\"wp-block-columns is-layout-flex wp-container-core-columns-is-layout-9d6595d7 wp-block-columns-is-layout-flex\">\n<div class=\"wp-block-column is-layout-flow wp-block-column-is-layout-flow\">\n<h2 class=\"wp-block-heading\">Spawanie MIG MAG oraz TIG<\/h2>\n\n\n\n<p>W dziedzinie spawania nie ma dla Nas wyzwa\u0144, kt\u00f3rym nie jeste\u015bmy  w stanie podo\u0142a\u0107. W celu przejrzenia naszych realizacji zapraszamy do <a href=\"https:\/\/erpoll.pl\/index.php\/gallery\/\" data-type=\"page\" data-id=\"98\">galerii<\/a>.<\/p>\n<\/div>\n\n\n\n<div class=\"wp-block-column is-layout-flow wp-block-column-is-layout-flow\">\n<figure class=\"wp-block-image size-large\" id=\"welding\"><img loading=\"lazy\" decoding=\"async\" width=\"1024\" height=\"768\" src=\"https:\/\/erpoll.pl\/wp-content\/uploads\/2023\/09\/image_50399233-1024x768.jpg\" alt=\"\" class=\"wp-image-116\" srcset=\"https:\/\/erpoll.pl\/wp-content\/uploads\/2023\/09\/image_50399233-1024x768.jpg 1024w, https:\/\/erpoll.pl\/wp-content\/uploads\/2023\/09\/image_50399233-300x225.jpg 300w, https:\/\/erpoll.pl\/wp-content\/uploads\/2023\/09\/image_50399233-768x576.jpg 768w, https:\/\/erpoll.pl\/wp-content\/uploads\/2023\/09\/image_50399233-1536x1152.jpg 1536w, https:\/\/erpoll.pl\/wp-content\/uploads\/2023\/09\/image_50399233-2048x1536.jpg 2048w\" sizes=\"auto, (max-width: 1024px) 100vw, 1024px\" \/><\/figure>\n<\/div>\n<\/div>\n\n\n\n<div class=\"wp-block-columns is-layout-flex wp-container-core-columns-is-layout-9d6595d7 wp-block-columns-is-layout-flex\">\n<div class=\"wp-block-column is-layout-flow wp-block-column-is-layout-flow\">\n<h2 class=\"wp-block-heading\">Toczenie CNC<\/h2>\n\n\n\n<p>Toczenie wszelkich materia\u0142\u00f3w.<\/p>\n<\/div>\n\n\n\n<div class=\"wp-block-column is-layout-flow wp-block-column-is-layout-flow\">\n<figure class=\"wp-block-image size-large is-resized\" id=\"processing\"><img loading=\"lazy\" decoding=\"async\" width=\"576\" height=\"1024\" src=\"https:\/\/erpoll.pl\/wp-content\/uploads\/2023\/09\/image_67525121-edited-1-576x1024.jpg\" alt=\"\" class=\"wp-image-230\" style=\"object-fit:contain;width:600px;height:600px\" srcset=\"https:\/\/erpoll.pl\/wp-content\/uploads\/2023\/09\/image_67525121-edited-1-576x1024.jpg 576w, https:\/\/erpoll.pl\/wp-content\/uploads\/2023\/09\/image_67525121-edited-1-169x300.jpg 169w, https:\/\/erpoll.pl\/wp-content\/uploads\/2023\/09\/image_67525121-edited-1-768x1365.jpg 768w, https:\/\/erpoll.pl\/wp-content\/uploads\/2023\/09\/image_67525121-edited-1-864x1536.jpg 864w, https:\/\/erpoll.pl\/wp-content\/uploads\/2023\/09\/image_67525121-edited-1-1152x2048.jpg 1152w, https:\/\/erpoll.pl\/wp-content\/uploads\/2023\/09\/image_67525121-edited-1-scaled.jpg 1440w\" sizes=\"auto, (max-width: 576px) 100vw, 576px\" \/><\/figure>\n<\/div>\n<\/div>\n","protected":false},"excerpt":{"rendered":"<p>Posiadamy wieloletnie do\u015bwiadczenie w obr\u00f3bce skrawaniem. Realizowali\u015bmy projekty dla firm zajmuj\u0105cych si\u0119&nbsp; automotive, produkcj\u0105 maszyn rolniczych, linii galwanicznych oraz maszyn w dziedzinie spo\u017cywczej. Wykonujemy us\u0142ugi specjalistyczne obejmuj\u0105ce: Wsp\u00f3\u0142pracujemy z firmami zajmuj\u0105cymi si\u0119\u00a0 malowaniem proszkowym i piaskowaniem, poniewa\u017c chcemy zapewni\u0107 naszemu klientowi jak najwi\u0119ksza palet\u0119 us\u0142ug i mo\u017cliwo\u015b\u0107 otrzymania \u00a0gotowego produktu. W celu przejrzenia naszych realizacji&#8230;<\/p>\n","protected":false},"author":1,"featured_media":0,"parent":14,"menu_order":0,"comment_status":"closed","ping_status":"closed","template":"","meta":{"_kad_post_transparent":"","_kad_post_title":"","_kad_post_layout":"","_kad_post_sidebar_id":"","_kad_post_content_style":"","_kad_post_vertical_padding":"","_kad_post_feature":"","_kad_post_feature_position":"","_kad_post_header":false,"_kad_post_footer":false,"footnotes":""},"class_list":["post-2","page","type-page","status-publish","hentry"],"_links":{"self":[{"href":"https:\/\/erpoll.pl\/index.php\/wp-json\/wp\/v2\/pages\/2","targetHints":{"allow":["GET"]}}],"collection":[{"href":"https:\/\/erpoll.pl\/index.php\/wp-json\/wp\/v2\/pages"}],"about":[{"href":"https:\/\/erpoll.pl\/index.php\/wp-json\/wp\/v2\/types\/page"}],"author":[{"embeddable":true,"href":"https:\/\/erpoll.pl\/index.php\/wp-json\/wp\/v2\/users\/1"}],"replies":[{"embeddable":true,"href":"https:\/\/erpoll.pl\/index.php\/wp-json\/wp\/v2\/comments?post=2"}],"version-history":[{"count":25,"href":"https:\/\/erpoll.pl\/index.php\/wp-json\/wp\/v2\/pages\/2\/revisions"}],"predecessor-version":[{"id":464,"href":"https:\/\/erpoll.pl\/index.php\/wp-json\/wp\/v2\/pages\/2\/revisions\/464"}],"up":[{"embeddable":true,"href":"https:\/\/erpoll.pl\/index.php\/wp-json\/wp\/v2\/pages\/14"}],"wp:attachment":[{"href":"https:\/\/erpoll.pl\/index.php\/wp-json\/wp\/v2\/media?parent=2"}],"curies":[{"name":"wp","href":"https:\/\/api.w.org\/{rel}","templated":true}]}}