{"id":324,"date":"2023-09-13T08:20:53","date_gmt":"2023-09-13T08:20:53","guid":{"rendered":"https:\/\/erpoll.pl\/?page_id=324"},"modified":"2023-09-13T09:59:58","modified_gmt":"2023-09-13T09:59:58","slug":"offers-en","status":"publish","type":"page","link":"https:\/\/erpoll.pl\/index.php\/en\/main-page-en\/offers-en\/","title":{"rendered":"Offer"},"content":{"rendered":"\n<div class=\"wp-block-columns is-layout-flex wp-container-core-columns-is-layout-9d6595d7 wp-block-columns-is-layout-flex\">\n<div class=\"wp-block-column is-layout-flow wp-block-column-is-layout-flow\">\n<figure class=\"wp-block-image size-large is-resized\" id=\"milling\"><img loading=\"lazy\" decoding=\"async\" src=\"https:\/\/erpoll.pl\/wp-content\/uploads\/2023\/09\/1642007631001-461x1024.jpg\" alt=\"\" class=\"wp-image-81\" style=\"object-fit:cover;width:600px;height:600px\" width=\"600\" height=\"600\"\/><\/figure>\n<\/div>\n\n\n\n<div class=\"wp-block-column is-layout-flow wp-block-column-is-layout-flow\">\n<h2 class=\"wp-block-heading\">Frezowanie<\/h2>\n\n\n\n<p>Frezowanie na bardzo wysokim poziomie.<\/p>\n<\/div>\n<\/div>\n\n\n\n<div class=\"wp-block-columns is-layout-flex wp-container-core-columns-is-layout-9d6595d7 wp-block-columns-is-layout-flex\">\n<div class=\"wp-block-column is-layout-flow wp-block-column-is-layout-flow\">\n<figure class=\"wp-block-image size-large is-resized\" id=\"processing\"><img loading=\"lazy\" decoding=\"async\" src=\"https:\/\/erpoll.pl\/wp-content\/uploads\/2023\/09\/image_67525121-edited-1-576x1024.jpg\" alt=\"\" class=\"wp-image-230\" style=\"object-fit:cover;width:600px;height:600px\" width=\"600\" height=\"600\"\/><\/figure>\n<\/div>\n\n\n\n<div class=\"wp-block-column is-layout-flow wp-block-column-is-layout-flow\">\n<h2 class=\"wp-block-heading\">Toczenie<\/h2>\n\n\n\n<p>Toczenie wszelkich materia\u0142\u00f3w.<\/p>\n<\/div>\n<\/div>\n\n\n\n<div class=\"wp-block-columns is-layout-flex wp-container-core-columns-is-layout-9d6595d7 wp-block-columns-is-layout-flex\">\n<div class=\"wp-block-column is-layout-flow wp-block-column-is-layout-flow\">\n<figure class=\"wp-block-image size-large is-resized\" id=\"welding\"><img loading=\"lazy\" decoding=\"async\" src=\"https:\/\/erpoll.pl\/wp-content\/uploads\/2023\/09\/image_50399233-1024x768.jpg\" alt=\"\" class=\"wp-image-116\" style=\"object-fit:cover;width:600px;height:600px\" width=\"600\" height=\"600\"\/><\/figure>\n<\/div>\n\n\n\n<div class=\"wp-block-column is-layout-flow wp-block-column-is-layout-flow\">\n<h2 class=\"wp-block-heading\">Spawanie<\/h2>\n\n\n\n<p>W dziedzinie spawania nie ma dla Nas wyzwa\u0144, kt\u00f3rych nie jeste\u015bmy  w stanie podo\u0142a\u0107. W celu przejrzenia naszych realizacji zapraszamy do <a href=\"https:\/\/erpoll.pl\/index.php\/en\/main-page-en\/gallery-en\/\" data-type=\"link\" data-id=\"https:\/\/erpoll.pl\/index.php\/en\/main-page-en\/gallery-en\/\">galerii<\/a>.<\/p>\n<\/div>\n<\/div>\n","protected":false},"excerpt":{"rendered":"<p>Frezowanie Frezowanie na bardzo wysokim poziomie. Toczenie Toczenie wszelkich materia\u0142\u00f3w. Spawanie W dziedzinie spawania nie ma dla Nas wyzwa\u0144, kt\u00f3rych nie jeste\u015bmy w stanie podo\u0142a\u0107. W celu przejrzenia naszych realizacji zapraszamy do galerii.<\/p>\n","protected":false},"author":1,"featured_media":0,"parent":276,"menu_order":0,"comment_status":"closed","ping_status":"closed","template":"","meta":{"_kad_post_transparent":"","_kad_post_title":"","_kad_post_layout":"","_kad_post_sidebar_id":"","_kad_post_content_style":"","_kad_post_vertical_padding":"","_kad_post_feature":"","_kad_post_feature_position":"","_kad_post_header":false,"_kad_post_footer":false,"footnotes":""},"class_list":["post-324","page","type-page","status-publish","hentry"],"_links":{"self":[{"href":"https:\/\/erpoll.pl\/index.php\/wp-json\/wp\/v2\/pages\/324","targetHints":{"allow":["GET"]}}],"collection":[{"href":"https:\/\/erpoll.pl\/index.php\/wp-json\/wp\/v2\/pages"}],"about":[{"href":"https:\/\/erpoll.pl\/index.php\/wp-json\/wp\/v2\/types\/page"}],"author":[{"embeddable":true,"href":"https:\/\/erpoll.pl\/index.php\/wp-json\/wp\/v2\/users\/1"}],"replies":[{"embeddable":true,"href":"https:\/\/erpoll.pl\/index.php\/wp-json\/wp\/v2\/comments?post=324"}],"version-history":[{"count":5,"href":"https:\/\/erpoll.pl\/index.php\/wp-json\/wp\/v2\/pages\/324\/revisions"}],"predecessor-version":[{"id":372,"href":"https:\/\/erpoll.pl\/index.php\/wp-json\/wp\/v2\/pages\/324\/revisions\/372"}],"up":[{"embeddable":true,"href":"https:\/\/erpoll.pl\/index.php\/wp-json\/wp\/v2\/pages\/276"}],"wp:attachment":[{"href":"https:\/\/erpoll.pl\/index.php\/wp-json\/wp\/v2\/media?parent=324"}],"curies":[{"name":"wp","href":"https:\/\/api.w.org\/{rel}","templated":true}]}}